{"id":239,"date":"2018-11-30T17:15:40","date_gmt":"2018-11-30T16:15:40","guid":{"rendered":"https:\/\/www.zatoptesi.cz\/es\/?page_id=239"},"modified":"2019-02-28T15:07:58","modified_gmt":"2019-02-28T14:07:58","slug":"montaje","status":"publish","type":"page","link":"https:\/\/www.zatoptesi.cz\/es\/sobre-la-calefaccion\/montaje\/","title":{"rendered":"Montaje"},"content":{"rendered":"\n<style type=\"text\/css\" data-created_by=\"avia_inline_auto\" id=\"style-css-av-jr3itvqe-137ad03c8bd18f1903b3974238217ab5\">\n.avia-section.av-jr3itvqe-137ad03c8bd18f1903b3974238217ab5{\nbackground-color:#e41b40;\nbackground-image:unset;\n}\n<\/style>\n<div id='av_section_1'  class='avia-section av-jr3itvqe-137ad03c8bd18f1903b3974238217ab5 main_color avia-section-default avia-no-border-styling  avia-builder-el-0  el_before_av_textblock  avia-builder-el-first  avia-bg-style-scroll container_wrap fullsize'  ><div class='container av-section-cont-open' ><main  role=\"main\" itemprop=\"mainContentOfPage\"  class='template-page content  av-content-full alpha units'><div class='post-entry post-entry-type-page post-entry-239'><div class='entry-content-wrapper clearfix'>\n\n<style type=\"text\/css\" data-created_by=\"avia_inline_auto\" id=\"style-css-av-26t7u5-902c38e95cc4665fc4d765f4070b8dac\">\n.flex_column.av-26t7u5-902c38e95cc4665fc4d765f4070b8dac{\n-webkit-border-radius:0px 0px 0px 0px;\n-moz-border-radius:0px 0px 0px 0px;\nborder-radius:0px 0px 0px 0px;\npadding:0px 0px 0px 0px;\n}\n<\/style>\n<div class='flex_column av-26t7u5-902c38e95cc4665fc4d765f4070b8dac av_one_full  avia-builder-el-1  avia-builder-el-no-sibling  first flex_column_div av-zero-column-padding '     ><style type=\"text\/css\" data-created_by=\"avia_inline_auto\" id=\"style-css-av-jsopc7pc-9251b9891db54e1cd42dbd3509f85294\">\n#top .av-special-heading.av-jsopc7pc-9251b9891db54e1cd42dbd3509f85294{\npadding-bottom:10px;\ncolor:#ffffff;\n}\nbody .av-special-heading.av-jsopc7pc-9251b9891db54e1cd42dbd3509f85294 .av-special-heading-tag .heading-char{\nfont-size:25px;\n}\n.av-special-heading.av-jsopc7pc-9251b9891db54e1cd42dbd3509f85294 .special-heading-inner-border{\nborder-color:#ffffff;\n}\n.av-special-heading.av-jsopc7pc-9251b9891db54e1cd42dbd3509f85294 .av-subheading{\nfont-size:30px;\n}\n<\/style>\n<div  class='av-special-heading av-jsopc7pc-9251b9891db54e1cd42dbd3509f85294 av-special-heading-h1 custom-color-heading blockquote modern-quote  avia-builder-el-2  avia-builder-el-no-sibling '><h1 class='av-special-heading-tag'  itemprop=\"headline\"  >MONTAJE DE PANELES CALEFACTORES AEROFLOW<\/h1><div class='av_custom_color av-subheading av-subheading_below'><p>informaciones importantes y v\u00eddeos de instrucci\u00f3n<\/p>\n<\/div><div class=\"special-heading-border\"><div class=\"special-heading-inner-border\"><\/div><\/div><\/div><\/div><\/div><\/div><\/main><!-- close content main element --><\/div><\/div><div id='after_section_1'  class='main_color av_default_container_wrap container_wrap fullsize'  ><div class='container av-section-cont-open' ><div class='template-page content  av-content-full alpha units'><div class='post-entry post-entry-type-page post-entry-239'><div class='entry-content-wrapper clearfix'><section  class='av_textblock_section av-80ubz-4a877f4dfe11ff515cf9956de772ad03'  itemscope=\"itemscope\" itemtype=\"https:\/\/schema.org\/CreativeWork\" ><div class='avia_textblock'  itemprop=\"text\" ><div id=\"all\">\n<div id=\"wrapper_all\">\n<div id=\"site_mid\">\n<div class=\"site_mid_page_mid\">\n<div class=\"page_structure\">\n<div class=\"page_shape\">\n<p><span style=\"font-weight: 400;\">Algunos paneles pesan m\u00e1s de 50 kg y la manipulaci\u00f3n con ellos puede ser bastante exigente para una persona sin fuerza f\u00edsica y experiencias. Existe el peligro del da\u00f1o en el caso de cualquier impacto (deslizamiento, paso por lugares estrechos &#8211; puertas, ascensores, escaleras, etc.). Para la validez de la garant\u00eda es indispensable el m\u00e1ximo cuidado y manipulaci\u00f3n con los cuerpos como con mercanc\u00eda fr\u00e1gil. El n\u00facleo de los cuerpos se puede da\u00f1ar por el impacto, igual que la superficie de los nervios y el revestimiento met\u00e1lico se pueden deformar por un impacto fuerte.<\/span><\/p>\n<p><strong>Por eso recomendamos que la manipulaci\u00f3n, sobre todo con cuerpos m\u00e1s grandes, sea siempre por dos personas.<\/strong><\/p>\n<p><span style=\"font-weight: 400;\">El juego de montaje (tornillos, cantileveres y ganchos de suspensi\u00f3n) forma parte de cada embalaje. En algunas paredes y tipos d materiales viejos, pero tambi\u00e9n modernos de construcci\u00f3n puede ser necesario utilizar elementos de anclaje especiales que no sean parte del embalaje. La fijaci\u00f3n del panel en la pared y la instalaci\u00f3n en el estante es f\u00e1cil &#8211; mire los v\u00eddeos en adelante.<\/span><\/p>\n<\/div>\n<div class=\"video_block\">\n<div id=\"mediaplayer1\" class=\"\"><\/div>\n<\/div>\n<\/div>\n<\/div>\n<\/div>\n<div id=\"site_bottom\">\n<div class=\"footer\">\n<div class=\"clear\"><\/div>\n<\/div>\n<\/div>\n<\/div>\n<\/div>\n<\/div><\/section><\/p>\n<div  class='hr av-8jhmn-7c549732c0b9667d6f9f1b6504599dad hr-default  avia-builder-el-4  el_after_av_textblock  el_before_av_one_half '><span class='hr-inner '><span class=\"hr-inner-style\"><\/span><\/span><\/div>\n\n<style type=\"text\/css\" data-created_by=\"avia_inline_auto\" id=\"style-css-av-lfkf3-3f21a852c5018a68442600ac6168007f\">\n.flex_column.av-lfkf3-3f21a852c5018a68442600ac6168007f{\n-webkit-border-radius:0px 0px 0px 0px;\n-moz-border-radius:0px 0px 0px 0px;\nborder-radius:0px 0px 0px 0px;\npadding:0px 0px 0px 0px;\n}\n<\/style>\n<div class='flex_column av-lfkf3-3f21a852c5018a68442600ac6168007f av_one_half  avia-builder-el-5  el_after_av_hr  el_before_av_one_half  first flex_column_div av-zero-column-padding '     ><div  class='avia-video av-jrgvjhwu-7f595feb9aa5803240c6116c746478d6 avia-video-16-9 av-no-preview-image avia-video-load-always av-lazyload-immediate av-lazyload-video-embed'  itemprop=\"video\" itemtype=\"https:\/\/schema.org\/VideoObject\"  data-original_url='https:\/\/www.youtube.com\/watch?v=4cf4I-dBuX8'><script type='text\/html' class='av-video-tmpl'><div class='avia-iframe-wrap'><iframe loading=\"lazy\" width=\"1333\" height=\"1000\" src=\"https:\/\/www.youtube.com\/embed\/4cf4I-dBuX8?feature=oembed&autoplay=0&loop=0&controls=1&mute=0\" frameborder=\"0\" allow=\"accelerometer; autoplay; encrypted-media; gyroscope; picture-in-picture\" allowfullscreen><\/iframe><\/div><\/script><div class='av-click-to-play-overlay'><div class=\"avia_playpause_icon\"><\/div><\/div><\/div><\/div>\n\n<style type=\"text\/css\" data-created_by=\"avia_inline_auto\" id=\"style-css-av-f0ffj-9bab9ef4208ee6bbbcfb2629f819845a\">\n.flex_column.av-f0ffj-9bab9ef4208ee6bbbcfb2629f819845a{\n-webkit-border-radius:0px 0px 0px 0px;\n-moz-border-radius:0px 0px 0px 0px;\nborder-radius:0px 0px 0px 0px;\npadding:0px 0px 0px 0px;\n}\n<\/style>\n<div class='flex_column av-f0ffj-9bab9ef4208ee6bbbcfb2629f819845a av_one_half  avia-builder-el-7  el_after_av_one_half  el_before_av_hr  flex_column_div av-zero-column-padding '     ><div  class='avia-video av-jrgvjhwu-9d0ba7c4c384a1339e96ac0056145912 avia-video-16-9 av-no-preview-image avia-video-load-always av-lazyload-immediate av-lazyload-video-embed'  itemprop=\"video\" itemtype=\"https:\/\/schema.org\/VideoObject\"  data-original_url='https:\/\/www.youtube.com\/watch?v=Ijn4RPmhLEc'><script type='text\/html' class='av-video-tmpl'><div class='avia-iframe-wrap'><iframe loading=\"lazy\" width=\"1333\" height=\"1000\" src=\"https:\/\/www.youtube.com\/embed\/Ijn4RPmhLEc?feature=oembed&autoplay=0&loop=0&controls=1&mute=0\" frameborder=\"0\" allow=\"accelerometer; autoplay; encrypted-media; gyroscope; picture-in-picture\" allowfullscreen><\/iframe><\/div><\/script><div class='av-click-to-play-overlay'><div class=\"avia_playpause_icon\"><\/div><\/div><\/div><\/div>\n<div  class='hr av-7lot3-b01cfbaa5875aa6bcc046b35d5729138 hr-default  avia-builder-el-9  el_after_av_one_half  el_before_av_section  avia-builder-el-last '><span class='hr-inner '><span class=\"hr-inner-style\"><\/span><\/span><\/div>\n<\/div><\/div><\/div><!-- close content main div --><\/div><\/div>\n<style type=\"text\/css\" data-created_by=\"avia_inline_auto\" id=\"style-css-av-jrki62id-eb8f09dcc547831d17be1b773c304e40\">\n.avia-section.av-jrki62id-eb8f09dcc547831d17be1b773c304e40{\nbackground-repeat:no-repeat;\nbackground-image:url(https:\/\/www.zatoptesi.cz\/es\/wp-content\/uploads\/sites\/3\/2019\/01\/blondyna.jpg);\nbackground-position:50% 50%;\nbackground-attachment:scroll;\n}\n<\/style>\n<div id='av_section_2'  class='avia-section av-jrki62id-eb8f09dcc547831d17be1b773c304e40 main_color avia-section-default avia-no-border-styling  avia-builder-el-10  el_after_av_hr  avia-builder-el-last  avia-full-stretch avia-bg-style-scroll av-minimum-height av-minimum-height-50  container_wrap fullsize'  data-section-bg-repeat='stretch' data-av_minimum_height_pc='50'><div class='container av-section-cont-open' ><div class='template-page content  av-content-full alpha units'><div class='post-entry post-entry-type-page post-entry-239'><div class='entry-content-wrapper clearfix'>\n\n<style type=\"text\/css\" data-created_by=\"avia_inline_auto\" id=\"style-css-av-962w5-3ca0dd7d005db711c15fac97327b70c2\">\n.flex_column.av-962w5-3ca0dd7d005db711c15fac97327b70c2{\n-webkit-border-radius:0px 0px 0px 0px;\n-moz-border-radius:0px 0px 0px 0px;\nborder-radius:0px 0px 0px 0px;\npadding:0px 0px 0px 0px;\n}\n<\/style>\n<div class='flex_column av-962w5-3ca0dd7d005db711c15fac97327b70c2 av_two_third  avia-builder-el-11  el_before_av_one_third  avia-builder-el-first  first flex_column_div av-zero-column-padding '     ><style type=\"text\/css\" data-created_by=\"avia_inline_auto\" id=\"style-css-av-jsoooz13-ad2b791b8f62592a43ff11798cfa6049\">\n#top .av-special-heading.av-jsoooz13-ad2b791b8f62592a43ff11798cfa6049{\npadding-bottom:10px;\ncolor:#e41b40;\nfont-size:50px;\n}\nbody .av-special-heading.av-jsoooz13-ad2b791b8f62592a43ff11798cfa6049 .av-special-heading-tag .heading-char{\nfont-size:25px;\n}\n#top #wrap_all .av-special-heading.av-jsoooz13-ad2b791b8f62592a43ff11798cfa6049 .av-special-heading-tag{\nfont-size:50px;\n}\n.av-special-heading.av-jsoooz13-ad2b791b8f62592a43ff11798cfa6049 .special-heading-inner-border{\nborder-color:#e41b40;\n}\n.av-special-heading.av-jsoooz13-ad2b791b8f62592a43ff11798cfa6049 .av-subheading{\nfont-size:30px;\n}\n\n@media only screen and (min-width: 480px) and (max-width: 767px){ \n#top #wrap_all .av-special-heading.av-jsoooz13-ad2b791b8f62592a43ff11798cfa6049 .av-special-heading-tag{\nfont-size:0.8em;\n}\n}\n\n@media only screen and (max-width: 479px){ \n#top #wrap_all .av-special-heading.av-jsoooz13-ad2b791b8f62592a43ff11798cfa6049 .av-special-heading-tag{\nfont-size:0.8em;\n}\n}\n<\/style>\n<div  class='av-special-heading av-jsoooz13-ad2b791b8f62592a43ff11798cfa6049 av-special-heading-h2 custom-color-heading blockquote modern-quote  avia-builder-el-12  avia-builder-el-no-sibling  av-inherit-size'><h2 class='av-special-heading-tag'  itemprop=\"headline\"  >\u00bfAlguna pregunta?<\/h2><div class='av_custom_color av-subheading av-subheading_below'><p>estamos preparados a ayudarle con cualquier cosa<\/p>\n<\/div><div class=\"special-heading-border\"><div class=\"special-heading-inner-border\"><\/div><\/div><\/div><\/div>\n<style type=\"text\/css\" data-created_by=\"avia_inline_auto\" id=\"style-css-av-962w5-fa7785af2ecec4ff3b7472c5f9975224\">\n.flex_column.av-962w5-fa7785af2ecec4ff3b7472c5f9975224{\n-webkit-border-radius:0px 0px 0px 0px;\n-moz-border-radius:0px 0px 0px 0px;\nborder-radius:0px 0px 0px 0px;\npadding:0px 0px 0px 0px;\n}\n<\/style>\n<div class='flex_column av-962w5-fa7785af2ecec4ff3b7472c5f9975224 av_one_third  avia-builder-el-13  el_after_av_two_third  el_before_av_one_fourth  flex_column_div av-zero-column-padding '     ><\/div>\n<style type=\"text\/css\" data-created_by=\"avia_inline_auto\" id=\"style-css-av-962w5-0821231a79d6cac2d9cadd3283b07958\">\n.flex_column.av-962w5-0821231a79d6cac2d9cadd3283b07958{\n-webkit-border-radius:0px 0px 0px 0px;\n-moz-border-radius:0px 0px 0px 0px;\nborder-radius:0px 0px 0px 0px;\npadding:0px 0px 0px 0px;\n}\n<\/style>\n<div class='flex_column av-962w5-0821231a79d6cac2d9cadd3283b07958 av_one_fourth  avia-builder-el-14  el_after_av_one_third  el_before_av_two_fifth  first flex_column_div av-zero-column-padding column-top-margin'     ><div  class='avia-button-wrap av-jrki7nzw-d51f7cb493c9fb77012937bc703542ae-wrap avia-button-left  avia-builder-el-15  avia-builder-el-no-sibling ' ><a href='https:\/\/www.zatoptesi.cz\/es\/contactos\/'  class='avia-button av-jrki7nzw-d51f7cb493c9fb77012937bc703542ae avia-icon_select-no avia-size-large avia-position-left avia-color-theme-color' ><span class='avia_iconbox_title' >Cont\u00e1ctenos<\/span><\/a><\/div><\/div>\n<style type=\"text\/css\" data-created_by=\"avia_inline_auto\" id=\"style-css-av-962w5-fa7785af2ecec4ff3b7472c5f9975224\">\n.flex_column.av-962w5-fa7785af2ecec4ff3b7472c5f9975224{\n-webkit-border-radius:0px 0px 0px 0px;\n-moz-border-radius:0px 0px 0px 0px;\nborder-radius:0px 0px 0px 0px;\npadding:0px 0px 0px 0px;\n}\n<\/style>\n<div class='flex_column av-962w5-fa7785af2ecec4ff3b7472c5f9975224 av_two_fifth  avia-builder-el-16  el_after_av_one_fourth  avia-builder-el-last  flex_column_div av-zero-column-padding column-top-margin'     ><style type=\"text\/css\" data-created_by=\"avia_inline_auto\" id=\"style-css-av-jskh070z-2f254dfdee358e633cf3698c80b8e9e5\">\n#top .av_textblock_section.av-jskh070z-2f254dfdee358e633cf3698c80b8e9e5 .avia_textblock{\ncolor:#e41b40;\n}\n<\/style>\n<section  class='av_textblock_section av-jskh070z-2f254dfdee358e633cf3698c80b8e9e5'  itemscope=\"itemscope\" itemtype=\"https:\/\/schema.org\/CreativeWork\" ><div class='avia_textblock av_inherit_color'  itemprop=\"text\" ><p><span style=\"height: 6px; display: block;\">o leelo <a href=\"\/es\/sobre-la-calefaccion\/preguntas-frecuentes\/\">pregundas frecuentes<\/a><\/span><\/p>\n<\/div><\/section><\/div>\n\n","protected":false},"excerpt":{"rendered":"","protected":false},"author":2,"featured_media":0,"parent":229,"menu_order":0,"comment_status":"closed","ping_status":"closed","template":"","meta":{"footnotes":""},"class_list":["post-239","page","type-page","status-publish","hentry"],"_links":{"self":[{"href":"https:\/\/www.zatoptesi.cz\/es\/wp-json\/wp\/v2\/pages\/239"}],"collection":[{"href":"https:\/\/www.zatoptesi.cz\/es\/wp-json\/wp\/v2\/pages"}],"about":[{"href":"https:\/\/www.zatoptesi.cz\/es\/wp-json\/wp\/v2\/types\/page"}],"author":[{"embeddable":true,"href":"https:\/\/www.zatoptesi.cz\/es\/wp-json\/wp\/v2\/users\/2"}],"replies":[{"embeddable":true,"href":"https:\/\/www.zatoptesi.cz\/es\/wp-json\/wp\/v2\/comments?post=239"}],"version-history":[{"count":15,"href":"https:\/\/www.zatoptesi.cz\/es\/wp-json\/wp\/v2\/pages\/239\/revisions"}],"predecessor-version":[{"id":1452,"href":"https:\/\/www.zatoptesi.cz\/es\/wp-json\/wp\/v2\/pages\/239\/revisions\/1452"}],"up":[{"embeddable":true,"href":"https:\/\/www.zatoptesi.cz\/es\/wp-json\/wp\/v2\/pages\/229"}],"wp:attachment":[{"href":"https:\/\/www.zatoptesi.cz\/es\/wp-json\/wp\/v2\/media?parent=239"}],"curies":[{"name":"wp","href":"https:\/\/api.w.org\/{rel}","templated":true}]}}