{"id":384,"date":"2019-01-08T19:21:59","date_gmt":"2019-01-08T18:21:59","guid":{"rendered":"https:\/\/www.zatoptesi.cz\/es\/?page_id=384"},"modified":"2019-02-28T15:49:26","modified_gmt":"2019-02-28T14:49:26","slug":"transporte-y-pago","status":"publish","type":"page","link":"https:\/\/www.zatoptesi.cz\/es\/tienda\/transporte-y-pago\/","title":{"rendered":"Transporte y pago"},"content":{"rendered":"\n<style type=\"text\/css\" data-created_by=\"avia_inline_auto\" id=\"style-css-av-jr3itvqe-137ad03c8bd18f1903b3974238217ab5\">\n.avia-section.av-jr3itvqe-137ad03c8bd18f1903b3974238217ab5{\nbackground-color:#e41b40;\nbackground-image:unset;\n}\n<\/style>\n<div id='av_section_1'  class='avia-section av-jr3itvqe-137ad03c8bd18f1903b3974238217ab5 main_color avia-section-default avia-no-border-styling  avia-builder-el-0  el_before_av_one_fifth  avia-builder-el-first  avia-bg-style-scroll container_wrap fullsize'  ><div class='container av-section-cont-open' ><main  role=\"main\" itemprop=\"mainContentOfPage\"  class='template-page content  av-content-full alpha units'><div class='post-entry post-entry-type-page post-entry-384'><div class='entry-content-wrapper clearfix'>\n\n<style type=\"text\/css\" data-created_by=\"avia_inline_auto\" id=\"style-css-av-26t7u5-902c38e95cc4665fc4d765f4070b8dac\">\n.flex_column.av-26t7u5-902c38e95cc4665fc4d765f4070b8dac{\n-webkit-border-radius:0px 0px 0px 0px;\n-moz-border-radius:0px 0px 0px 0px;\nborder-radius:0px 0px 0px 0px;\npadding:0px 0px 0px 0px;\n}\n<\/style>\n<div class='flex_column av-26t7u5-902c38e95cc4665fc4d765f4070b8dac av_one_full  avia-builder-el-1  avia-builder-el-no-sibling  first flex_column_div av-zero-column-padding '     ><style type=\"text\/css\" data-created_by=\"avia_inline_auto\" id=\"style-css-av-jsoqs6rq-634968c9e569f1923a80a3e953a6650c\">\n#top .av-special-heading.av-jsoqs6rq-634968c9e569f1923a80a3e953a6650c{\npadding-bottom:10px;\ncolor:#ffffff;\n}\nbody .av-special-heading.av-jsoqs6rq-634968c9e569f1923a80a3e953a6650c .av-special-heading-tag .heading-char{\nfont-size:25px;\n}\n.av-special-heading.av-jsoqs6rq-634968c9e569f1923a80a3e953a6650c .special-heading-inner-border{\nborder-color:#ffffff;\n}\n.av-special-heading.av-jsoqs6rq-634968c9e569f1923a80a3e953a6650c .av-subheading{\nfont-size:30px;\n}\n<\/style>\n<div  class='av-special-heading av-jsoqs6rq-634968c9e569f1923a80a3e953a6650c av-special-heading-h1 custom-color-heading blockquote modern-quote  avia-builder-el-2  avia-builder-el-no-sibling '><h1 class='av-special-heading-tag'  itemprop=\"headline\"  >Transporte y pago<\/h1><div class='av_custom_color av-subheading av-subheading_below'><p>nosotros mismos transportamos los paneles con mucho cuidado<\/p>\n<\/div><div class=\"special-heading-border\"><div class=\"special-heading-inner-border\"><\/div><\/div><\/div><\/div><\/div><\/div><\/main><!-- close content main element --><\/div><\/div><div id='after_section_1'  class='main_color av_default_container_wrap container_wrap fullsize'  ><div class='container av-section-cont-open' ><div class='template-page content  av-content-full alpha units'><div class='post-entry post-entry-type-page post-entry-384'><div class='entry-content-wrapper clearfix'>\n<style type=\"text\/css\" data-created_by=\"avia_inline_auto\" id=\"style-css-av-kkgxk-d7c30a41e9fce6046068b55842ef91b9\">\n.flex_column.av-kkgxk-d7c30a41e9fce6046068b55842ef91b9{\n-webkit-border-radius:0px 0px 0px 0px;\n-moz-border-radius:0px 0px 0px 0px;\nborder-radius:0px 0px 0px 0px;\npadding:0px 0px 0px 0px;\n}\n<\/style>\n<div class='flex_column av-kkgxk-d7c30a41e9fce6046068b55842ef91b9 av_one_fifth  avia-builder-el-3  el_after_av_section  el_before_av_two_fifth  avia-builder-el-first  first flex_column_div av-zero-column-padding '     ><style type=\"text\/css\" data-created_by=\"avia_inline_auto\" id=\"style-css-av-jsoqsjkf-be30ba7ddc99166f2ce101b2422478fc\">\n#top .av-special-heading.av-jsoqsjkf-be30ba7ddc99166f2ce101b2422478fc{\npadding-bottom:10px;\n}\nbody .av-special-heading.av-jsoqsjkf-be30ba7ddc99166f2ce101b2422478fc .av-special-heading-tag .heading-char{\nfont-size:25px;\n}\n.av-special-heading.av-jsoqsjkf-be30ba7ddc99166f2ce101b2422478fc .av-subheading{\nfont-size:15px;\n}\n<\/style>\n<div  class='av-special-heading av-jsoqsjkf-be30ba7ddc99166f2ce101b2422478fc av-special-heading-h3 blockquote modern-quote  avia-builder-el-4  avia-builder-el-no-sibling '><h3 class='av-special-heading-tag'  itemprop=\"headline\"  >Precios del transporte<\/h3><div class=\"special-heading-border\"><div class=\"special-heading-inner-border\"><\/div><\/div><\/div><\/div>\n<style type=\"text\/css\" data-created_by=\"avia_inline_auto\" id=\"style-css-av-hmlz4-a876f30663a83819282ae0b532c084aa\">\n.flex_column.av-hmlz4-a876f30663a83819282ae0b532c084aa{\n-webkit-border-radius:0px 0px 0px 0px;\n-moz-border-radius:0px 0px 0px 0px;\nborder-radius:0px 0px 0px 0px;\npadding:0px 0px 0px 0px;\n}\n<\/style>\n<div class='flex_column av-hmlz4-a876f30663a83819282ae0b532c084aa av_two_fifth  avia-builder-el-5  el_after_av_one_fifth  el_before_av_two_fifth  flex_column_div av-zero-column-padding '     ><section  class='av_textblock_section av-js25m8ks-bab2ec9f93ce931d18cc129c55f24791'  itemscope=\"itemscope\" itemtype=\"https:\/\/schema.org\/CreativeWork\" ><div class='avia_textblock'  itemprop=\"text\" ><p><strong>Paneles de calefacci\u00f3n y escaleras de ba\u00f1o<\/strong><\/p>\n<p><span style=\"font-weight: 400;\">Le llevaremos personalmente la mercanc\u00eda, el transporte cuesta 720,- CZK.<\/span><\/p>\n<\/div><\/section><\/div>\n<style type=\"text\/css\" data-created_by=\"avia_inline_auto\" id=\"style-css-av-hmlz4-a876f30663a83819282ae0b532c084aa\">\n.flex_column.av-hmlz4-a876f30663a83819282ae0b532c084aa{\n-webkit-border-radius:0px 0px 0px 0px;\n-moz-border-radius:0px 0px 0px 0px;\nborder-radius:0px 0px 0px 0px;\npadding:0px 0px 0px 0px;\n}\n<\/style>\n<div class='flex_column av-hmlz4-a876f30663a83819282ae0b532c084aa av_two_fifth  avia-builder-el-7  el_after_av_two_fifth  el_before_av_one_fifth  flex_column_div av-zero-column-padding '     ><section  class='av_textblock_section av-js25m8ks-bab2ec9f93ce931d18cc129c55f24791'  itemscope=\"itemscope\" itemtype=\"https:\/\/schema.org\/CreativeWork\" ><div class='avia_textblock'  itemprop=\"text\" ><p><strong>Accesorios<\/strong><\/p>\n<p><span style=\"font-weight: 400;\">Enviamos los paquetes por correos por el precio unificado de 170,- CZK.<\/span><\/p>\n<\/div><\/section><\/div>\n<style type=\"text\/css\" data-created_by=\"avia_inline_auto\" id=\"style-css-av-kkgxk-d7c30a41e9fce6046068b55842ef91b9\">\n.flex_column.av-kkgxk-d7c30a41e9fce6046068b55842ef91b9{\n-webkit-border-radius:0px 0px 0px 0px;\n-moz-border-radius:0px 0px 0px 0px;\nborder-radius:0px 0px 0px 0px;\npadding:0px 0px 0px 0px;\n}\n<\/style>\n<div class='flex_column av-kkgxk-d7c30a41e9fce6046068b55842ef91b9 av_one_fifth  avia-builder-el-9  el_after_av_two_fifth  el_before_av_four_fifth  first flex_column_div av-zero-column-padding '     ><\/div><\/p>\n\n<style type=\"text\/css\" data-created_by=\"avia_inline_auto\" id=\"style-css-av-969yg-186ad560433af2b44dd79044efdc6f2e\">\n.flex_column.av-969yg-186ad560433af2b44dd79044efdc6f2e{\n-webkit-border-radius:0px 0px 0px 0px;\n-moz-border-radius:0px 0px 0px 0px;\nborder-radius:0px 0px 0px 0px;\npadding:0px 0px 0px 0px;\n}\n<\/style>\n<div class='flex_column av-969yg-186ad560433af2b44dd79044efdc6f2e av_four_fifth  avia-builder-el-10  el_after_av_one_fifth  el_before_av_hr  flex_column_div av-zero-column-padding '     ><section  class='av_textblock_section av-jrz5xdef-2e9de37bcaaeb0ece880419ae9244d0e'  itemscope=\"itemscope\" itemtype=\"https:\/\/schema.org\/CreativeWork\" ><div class='avia_textblock'  itemprop=\"text\" ><p><span style=\"font-weight: 400;\">Con mucho gusto le ayudaremos tambi\u00e9n a subir y montar los paneles. <a href=\"tel: 420-773-666-373\">Ll\u00e1menos<\/a> para m\u00e1s informaci\u00f3n.<\/span><\/p>\n<\/div><\/section><\/div><div  class='hr av-fq35k-3355562c35c08fee599be26abe3384bc hr-default  avia-builder-el-12  el_after_av_four_fifth  el_before_av_one_fifth '><span class='hr-inner '><span class=\"hr-inner-style\"><\/span><\/span><\/div><\/p>\n\n<style type=\"text\/css\" data-created_by=\"avia_inline_auto\" id=\"style-css-av-jnwv4-5d1322c84ce6fe933c0a0ec37b61e6ba\">\n.flex_column.av-jnwv4-5d1322c84ce6fe933c0a0ec37b61e6ba{\n-webkit-border-radius:0px 0px 0px 0px;\n-moz-border-radius:0px 0px 0px 0px;\nborder-radius:0px 0px 0px 0px;\npadding:0px 0px 0px 0px;\n}\n<\/style>\n<div class='flex_column av-jnwv4-5d1322c84ce6fe933c0a0ec37b61e6ba av_one_fifth  avia-builder-el-13  el_after_av_hr  el_before_av_two_fifth  first flex_column_div av-zero-column-padding '     ><style type=\"text\/css\" data-created_by=\"avia_inline_auto\" id=\"style-css-av-jsoqu7ds-9e085a5b5dc3eb09d92ed51fc3c1c5ac\">\n#top .av-special-heading.av-jsoqu7ds-9e085a5b5dc3eb09d92ed51fc3c1c5ac{\npadding-bottom:10px;\n}\nbody .av-special-heading.av-jsoqu7ds-9e085a5b5dc3eb09d92ed51fc3c1c5ac .av-special-heading-tag .heading-char{\nfont-size:25px;\n}\n.av-special-heading.av-jsoqu7ds-9e085a5b5dc3eb09d92ed51fc3c1c5ac .av-subheading{\nfont-size:15px;\n}\n<\/style>\n<div  class='av-special-heading av-jsoqu7ds-9e085a5b5dc3eb09d92ed51fc3c1c5ac av-special-heading-h3 blockquote modern-quote  avia-builder-el-14  avia-builder-el-no-sibling '><h3 class='av-special-heading-tag'  itemprop=\"headline\"  >Formas del pago<\/h3><div class=\"special-heading-border\"><div class=\"special-heading-inner-border\"><\/div><\/div><\/div><\/div>\n<style type=\"text\/css\" data-created_by=\"avia_inline_auto\" id=\"style-css-av-ck3rc-30b70ee06a4c03658c6615ba44adbe45\">\n.flex_column.av-ck3rc-30b70ee06a4c03658c6615ba44adbe45{\n-webkit-border-radius:0px 0px 0px 0px;\n-moz-border-radius:0px 0px 0px 0px;\nborder-radius:0px 0px 0px 0px;\npadding:0px 0px 0px 0px;\n}\n<\/style>\n<div class='flex_column av-ck3rc-30b70ee06a4c03658c6615ba44adbe45 av_two_fifth  avia-builder-el-15  el_after_av_one_fifth  el_before_av_two_fifth  flex_column_div av-zero-column-padding '     ><section  class='av_textblock_section av-js254jk4-20790be1929f31306677134c20e12881'  itemscope=\"itemscope\" itemtype=\"https:\/\/schema.org\/CreativeWork\" ><div class='avia_textblock'  itemprop=\"text\" ><p><strong>Transferencia bancaria<\/strong><\/p>\n<p><span style=\"font-weight: 400;\">La transferencia entre los bancos checos suele durar un d\u00eda laborable. Obtendr\u00e1 los datos del pago por e-mail tras acabar el pedido.<\/span><\/p>\n<\/div><\/section><\/div>\n<style type=\"text\/css\" data-created_by=\"avia_inline_auto\" id=\"style-css-av-ab008-5bb01087b9322290b1d9203b0a3c52c1\">\n.flex_column.av-ab008-5bb01087b9322290b1d9203b0a3c52c1{\n-webkit-border-radius:0px 0px 0px 0px;\n-moz-border-radius:0px 0px 0px 0px;\nborder-radius:0px 0px 0px 0px;\npadding:0px 0px 0px 0px;\n}\n<\/style>\n<div class='flex_column av-ab008-5bb01087b9322290b1d9203b0a3c52c1 av_two_fifth  avia-builder-el-17  el_after_av_two_fifth  el_before_av_hr  flex_column_div av-zero-column-padding '     ><section  class='av_textblock_section av-js254jk4-20790be1929f31306677134c20e12881'  itemscope=\"itemscope\" itemtype=\"https:\/\/schema.org\/CreativeWork\" ><div class='avia_textblock'  itemprop=\"text\" ><p><strong>En efectivo<\/strong><\/p>\n<p><span style=\"font-weight: 400;\">Le llevaremos la mercanc\u00eda pedida tras un acuerdo por tel\u00e9fono. Le informaremos por e-mail que la mercanc\u00eda est\u00e1 preparada.<\/span><\/p>\n<\/div><\/section><\/div><div  class='hr av-as628-8b826c2963cf0f1bc105773ebbc235a1 hr-default  avia-builder-el-19  el_after_av_two_fifth  el_before_av_section  avia-builder-el-last '><span class='hr-inner '><span class=\"hr-inner-style\"><\/span><\/span><\/div><\/p>\n<\/div><\/div><\/div><!-- close content main div --><\/div><\/div>\n<style type=\"text\/css\" data-created_by=\"avia_inline_auto\" id=\"style-css-av-jrki62id-eb8f09dcc547831d17be1b773c304e40\">\n.avia-section.av-jrki62id-eb8f09dcc547831d17be1b773c304e40{\nbackground-repeat:no-repeat;\nbackground-image:url(https:\/\/www.zatoptesi.cz\/es\/wp-content\/uploads\/sites\/3\/2019\/01\/blondyna.jpg);\nbackground-position:50% 50%;\nbackground-attachment:scroll;\n}\n<\/style>\n<div id='av_section_2'  class='avia-section av-jrki62id-eb8f09dcc547831d17be1b773c304e40 main_color avia-section-default avia-no-border-styling  avia-builder-el-20  el_after_av_hr  avia-builder-el-last  avia-full-stretch avia-bg-style-scroll av-minimum-height av-minimum-height-50  container_wrap fullsize'  data-section-bg-repeat='stretch' data-av_minimum_height_pc='50'><div class='container av-section-cont-open' ><div class='template-page content  av-content-full alpha units'><div class='post-entry post-entry-type-page post-entry-384'><div class='entry-content-wrapper clearfix'>\n\n<style type=\"text\/css\" data-created_by=\"avia_inline_auto\" id=\"style-css-av-962w5-3ca0dd7d005db711c15fac97327b70c2\">\n.flex_column.av-962w5-3ca0dd7d005db711c15fac97327b70c2{\n-webkit-border-radius:0px 0px 0px 0px;\n-moz-border-radius:0px 0px 0px 0px;\nborder-radius:0px 0px 0px 0px;\npadding:0px 0px 0px 0px;\n}\n<\/style>\n<div class='flex_column av-962w5-3ca0dd7d005db711c15fac97327b70c2 av_two_third  avia-builder-el-21  el_before_av_one_third  avia-builder-el-first  first flex_column_div av-zero-column-padding '     ><style type=\"text\/css\" data-created_by=\"avia_inline_auto\" id=\"style-css-av-jsoooz13-ad2b791b8f62592a43ff11798cfa6049\">\n#top .av-special-heading.av-jsoooz13-ad2b791b8f62592a43ff11798cfa6049{\npadding-bottom:10px;\ncolor:#e41b40;\nfont-size:50px;\n}\nbody .av-special-heading.av-jsoooz13-ad2b791b8f62592a43ff11798cfa6049 .av-special-heading-tag .heading-char{\nfont-size:25px;\n}\n#top #wrap_all .av-special-heading.av-jsoooz13-ad2b791b8f62592a43ff11798cfa6049 .av-special-heading-tag{\nfont-size:50px;\n}\n.av-special-heading.av-jsoooz13-ad2b791b8f62592a43ff11798cfa6049 .special-heading-inner-border{\nborder-color:#e41b40;\n}\n.av-special-heading.av-jsoooz13-ad2b791b8f62592a43ff11798cfa6049 .av-subheading{\nfont-size:30px;\n}\n\n@media only screen and (min-width: 480px) and (max-width: 767px){ \n#top #wrap_all .av-special-heading.av-jsoooz13-ad2b791b8f62592a43ff11798cfa6049 .av-special-heading-tag{\nfont-size:0.8em;\n}\n}\n\n@media only screen and (max-width: 479px){ \n#top #wrap_all .av-special-heading.av-jsoooz13-ad2b791b8f62592a43ff11798cfa6049 .av-special-heading-tag{\nfont-size:0.8em;\n}\n}\n<\/style>\n<div  class='av-special-heading av-jsoooz13-ad2b791b8f62592a43ff11798cfa6049 av-special-heading-h2 custom-color-heading blockquote modern-quote  avia-builder-el-22  avia-builder-el-no-sibling  av-inherit-size'><h2 class='av-special-heading-tag'  itemprop=\"headline\"  >\u00bfAlguna pregunta?<\/h2><div class='av_custom_color av-subheading av-subheading_below'><p>estamos preparados a ayudarle con cualquier cosa<\/p>\n<\/div><div class=\"special-heading-border\"><div class=\"special-heading-inner-border\"><\/div><\/div><\/div><\/div>\n<style type=\"text\/css\" data-created_by=\"avia_inline_auto\" id=\"style-css-av-962w5-fa7785af2ecec4ff3b7472c5f9975224\">\n.flex_column.av-962w5-fa7785af2ecec4ff3b7472c5f9975224{\n-webkit-border-radius:0px 0px 0px 0px;\n-moz-border-radius:0px 0px 0px 0px;\nborder-radius:0px 0px 0px 0px;\npadding:0px 0px 0px 0px;\n}\n<\/style>\n<div class='flex_column av-962w5-fa7785af2ecec4ff3b7472c5f9975224 av_one_third  avia-builder-el-23  el_after_av_two_third  el_before_av_one_fourth  flex_column_div av-zero-column-padding '     ><\/div>\n<style type=\"text\/css\" data-created_by=\"avia_inline_auto\" id=\"style-css-av-962w5-0821231a79d6cac2d9cadd3283b07958\">\n.flex_column.av-962w5-0821231a79d6cac2d9cadd3283b07958{\n-webkit-border-radius:0px 0px 0px 0px;\n-moz-border-radius:0px 0px 0px 0px;\nborder-radius:0px 0px 0px 0px;\npadding:0px 0px 0px 0px;\n}\n<\/style>\n<div class='flex_column av-962w5-0821231a79d6cac2d9cadd3283b07958 av_one_fourth  avia-builder-el-24  el_after_av_one_third  el_before_av_two_fifth  first flex_column_div av-zero-column-padding column-top-margin'     ><div  class='avia-button-wrap av-jrki7nzw-d51f7cb493c9fb77012937bc703542ae-wrap avia-button-left  avia-builder-el-25  avia-builder-el-no-sibling ' ><a href='https:\/\/www.zatoptesi.cz\/es\/contactos\/'  class='avia-button av-jrki7nzw-d51f7cb493c9fb77012937bc703542ae avia-icon_select-no avia-size-large avia-position-left avia-color-theme-color' ><span class='avia_iconbox_title' >Cont\u00e1ctenos<\/span><\/a><\/div><\/div>\n<style type=\"text\/css\" data-created_by=\"avia_inline_auto\" id=\"style-css-av-962w5-fa7785af2ecec4ff3b7472c5f9975224\">\n.flex_column.av-962w5-fa7785af2ecec4ff3b7472c5f9975224{\n-webkit-border-radius:0px 0px 0px 0px;\n-moz-border-radius:0px 0px 0px 0px;\nborder-radius:0px 0px 0px 0px;\npadding:0px 0px 0px 0px;\n}\n<\/style>\n<div class='flex_column av-962w5-fa7785af2ecec4ff3b7472c5f9975224 av_two_fifth  avia-builder-el-26  el_after_av_one_fourth  avia-builder-el-last  flex_column_div av-zero-column-padding column-top-margin'     ><style type=\"text\/css\" data-created_by=\"avia_inline_auto\" id=\"style-css-av-jskh070z-2f254dfdee358e633cf3698c80b8e9e5\">\n#top .av_textblock_section.av-jskh070z-2f254dfdee358e633cf3698c80b8e9e5 .avia_textblock{\ncolor:#e41b40;\n}\n<\/style>\n<section  class='av_textblock_section av-jskh070z-2f254dfdee358e633cf3698c80b8e9e5'  itemscope=\"itemscope\" itemtype=\"https:\/\/schema.org\/CreativeWork\" ><div class='avia_textblock av_inherit_color'  itemprop=\"text\" ><p><span style=\"height: 6px; display: block;\">o leelo <a href=\"\/es\/sobre-la-calefaccion\/preguntas-frecuentes\/\">pregundas frecuentes<\/a><\/span><\/p>\n<\/div><\/section><\/div>\n\n","protected":false},"excerpt":{"rendered":"","protected":false},"author":2,"featured_media":0,"parent":417,"menu_order":0,"comment_status":"closed","ping_status":"closed","template":"","meta":{"footnotes":""},"class_list":["post-384","page","type-page","status-publish","hentry"],"_links":{"self":[{"href":"https:\/\/www.zatoptesi.cz\/es\/wp-json\/wp\/v2\/pages\/384"}],"collection":[{"href":"https:\/\/www.zatoptesi.cz\/es\/wp-json\/wp\/v2\/pages"}],"about":[{"href":"https:\/\/www.zatoptesi.cz\/es\/wp-json\/wp\/v2\/types\/page"}],"author":[{"embeddable":true,"href":"https:\/\/www.zatoptesi.cz\/es\/wp-json\/wp\/v2\/users\/2"}],"replies":[{"embeddable":true,"href":"https:\/\/www.zatoptesi.cz\/es\/wp-json\/wp\/v2\/comments?post=384"}],"version-history":[{"count":16,"href":"https:\/\/www.zatoptesi.cz\/es\/wp-json\/wp\/v2\/pages\/384\/revisions"}],"predecessor-version":[{"id":1471,"href":"https:\/\/www.zatoptesi.cz\/es\/wp-json\/wp\/v2\/pages\/384\/revisions\/1471"}],"up":[{"embeddable":true,"href":"https:\/\/www.zatoptesi.cz\/es\/wp-json\/wp\/v2\/pages\/417"}],"wp:attachment":[{"href":"https:\/\/www.zatoptesi.cz\/es\/wp-json\/wp\/v2\/media?parent=384"}],"curies":[{"name":"wp","href":"https:\/\/api.w.org\/{rel}","templated":true}]}}