{"id":132,"date":"2018-11-20T20:32:01","date_gmt":"2018-11-20T19:32:01","guid":{"rendered":"https:\/\/www.zatoptesi.cz\/es\/?post_type=product&#038;p=132"},"modified":"2024-05-01T13:02:12","modified_gmt":"2024-05-01T11:02:12","slug":"slim2000","status":"publish","type":"product","link":"https:\/\/www.zatoptesi.cz\/es\/tienda\/paneles-calefactores\/slim2000\/","title":{"rendered":"Panel calefactor por acumulaci\u00f3n SLIM 2000"},"content":{"rendered":"<p><strong>Garant\u00eda sin suplemento de 15 a\u00f1os<br \/>\n<\/strong><span style=\"font-weight: 400\">Puede pagar mil coronas m\u00e1s para el plazo de garant\u00eda doble.<\/span><\/p>\n<p><span style=\"font-weight: 400\"><strong>Instalaci\u00f3n simple y conexi\u00f3n f\u00e1cil<\/strong><br \/>\n<\/span><span style=\"font-weight: 400\">El soporte de pared, incluido el material de montaje, forma parte del suministro. El montaje puede hacerlo usted mismo, sin embargo, por un suplemento de pago le ayudaremos.<\/span><\/p>\n<p><strong>Accesorios de buena calidad<br \/>\n<\/strong><span style=\"font-weight: 400\">En nuestra tienda ofrecemos tambi\u00e9n accesorios &#8211; equipos para a regulaci\u00f3n de la temperatura por el tel\u00e9fono m\u00f3vil, estantes pr\u00e1cticos para instalar el panel libremente en la habitaci\u00f3n y otros.<\/span><\/p>\n<p><strong>El suministro incluye:<\/strong><\/p>\n<ul>\n<li><span style=\"font-weight: 400\">Term\u00f3stato integrado FlexiSmart<\/span><\/li>\n<li><span style=\"font-weight: 400\">1,5 m de cable de conexi\u00f3n con la horquilla para enchufes normales<\/span><\/li>\n<li><span style=\"font-weight: 400\">El soporte de pared, incluido el material de montaje.<\/span><\/li>\n<\/ul>\n","protected":false},"excerpt":{"rendered":"<p><span style=\"font-weight: 400\">El panel calefactor por acumulaci\u00f3n se calienta r\u00e1pidamente y retiene el calor durante mucho tiempo, gracias a las incorporadas placas refractarias de 2 cm de grosor. La proporci\u00f3n de la corriente y radiaci\u00f3n del aire mantiene el clima confortable en la habitaci\u00f3n. El panel dispone del disyuntor del sobrecalentamiento y su acabado superficial consiste en la pintura en polvo de muy alta calidad en el color RAL 9010 (blanco). Durante el funcionamiento no produce ruido y no requiere ning\u00fan mantenimiento especial.<\/span><\/p>\n<p><strong>\u00bfQu\u00e9 tama\u00f1o de superficie se puede calentar con el panel?<\/strong><\/p>\n<p><img loading=\"lazy\" decoding=\"async\" class=\"aligncenter size-full wp-image-1486\" src=\"https:\/\/www.zatoptesi.cz\/es\/wp-content\/uploads\/sites\/3\/2018\/11\/slimslimtallES.png\" alt=\"\" width=\"938\" height=\"94\" srcset=\"https:\/\/www.zatoptesi.cz\/es\/wp-content\/uploads\/sites\/3\/2018\/11\/slimslimtallES.png 938w, https:\/\/www.zatoptesi.cz\/es\/wp-content\/uploads\/sites\/3\/2018\/11\/slimslimtallES-300x30.png 300w, https:\/\/www.zatoptesi.cz\/es\/wp-content\/uploads\/sites\/3\/2018\/11\/slimslimtallES-768x77.png 768w, https:\/\/www.zatoptesi.cz\/es\/wp-content\/uploads\/sites\/3\/2018\/11\/slimslimtallES-705x71.png 705w, https:\/\/www.zatoptesi.cz\/es\/wp-content\/uploads\/sites\/3\/2018\/11\/slimslimtallES-600x60.png 600w\" sizes=\"(max-width: 938px) 100vw, 938px\" \/><span style=\"margin-top: -20px;color: b1b1b1;font-size: 12px\"><em>* Los c\u00e1lculos corresponden a una altura de techo de 270 cm<\/em><\/span><\/p>\n","protected":false},"featured_media":112,"comment_status":"open","ping_status":"closed","template":"","meta":[],"product_cat":[16],"product_tag":[],"class_list":{"0":"post-132","1":"product","2":"type-product","3":"status-publish","4":"has-post-thumbnail","6":"product_cat-paneles-calefactores","7":"product_shipping_class-st","9":"first","10":"instock","11":"taxable","12":"shipping-taxable","13":"purchasable","14":"product-type-simple"},"_links":{"self":[{"href":"https:\/\/www.zatoptesi.cz\/es\/wp-json\/wp\/v2\/product\/132"}],"collection":[{"href":"https:\/\/www.zatoptesi.cz\/es\/wp-json\/wp\/v2\/product"}],"about":[{"href":"https:\/\/www.zatoptesi.cz\/es\/wp-json\/wp\/v2\/types\/product"}],"replies":[{"embeddable":true,"href":"https:\/\/www.zatoptesi.cz\/es\/wp-json\/wp\/v2\/comments?post=132"}],"wp:featuredmedia":[{"embeddable":true,"href":"https:\/\/www.zatoptesi.cz\/es\/wp-json\/wp\/v2\/media\/112"}],"wp:attachment":[{"href":"https:\/\/www.zatoptesi.cz\/es\/wp-json\/wp\/v2\/media?parent=132"}],"wp:term":[{"taxonomy":"product_cat","embeddable":true,"href":"https:\/\/www.zatoptesi.cz\/es\/wp-json\/wp\/v2\/product_cat?post=132"},{"taxonomy":"product_tag","embeddable":true,"href":"https:\/\/www.zatoptesi.cz\/es\/wp-json\/wp\/v2\/product_tag?post=132"}],"curies":[{"name":"wp","href":"https:\/\/api.w.org\/{rel}","templated":true}]}}