{"id":141,"date":"2018-11-20T21:14:04","date_gmt":"2018-11-20T20:14:04","guid":{"rendered":"https:\/\/www.zatoptesi.cz\/es\/?post_type=product&#038;p=141"},"modified":"2023-01-18T16:57:22","modified_gmt":"2023-01-18T15:57:22","slug":"app-flexismart","status":"publish","type":"product","link":"https:\/\/www.zatoptesi.cz\/es\/tienda\/accesorios\/app-flexismart\/","title":{"rendered":"Panel de mando de funci\u00f3n m\u00faltiple APP FlexiSmart"},"content":{"rendered":"<ol>\n<li><strong> Mando manual<\/strong><\/li>\n<\/ol>\n<p><span style=\"font-weight: 400\">Tiene la misma funci\u00f3n que el cl\u00e1sico term\u00f3stato rotativo y posibilita ajustar la temperatura requerida de la habitaci\u00f3n directamente en el radiador. Tras alcanzar la temperatura requerida, el regulador incorporado desconecta autom\u00e1ticamente el panel de calefacci\u00f3n.<\/span><\/p>\n<p>&nbsp;<\/p>\n<ol start=\"2\">\n<li><strong> Creaci\u00f3n del plan de tiempo en el equipo<\/strong><\/li>\n<\/ol>\n<p><span style=\"font-weight: 400\">El integrado term\u00f3stato programable posibilita el mando c\u00f3modo y f\u00e1cil de la calefacci\u00f3n sin la necesidad del montaje. Para cada d\u00eda de la semana es posible ajustar la temperatura requerida, reducir la temperatura por la noche o ajustar la protecci\u00f3n contra la congelaci\u00f3n. As\u00ed es posible ajustar individualmente horas de la activaci\u00f3n y desactivaci\u00f3n de la calefacci\u00f3n de acuerdo a los acontecimientos de cada d\u00eda y disfrutar del cotidiano conforte \u00fanico.<\/span><\/p>\n<p>&nbsp;<\/p>\n<ol start=\"3\">\n<li><strong> APP \u2013 mando por medio de la aplicaci\u00f3n<\/strong><\/li>\n<\/ol>\n<p><span style=\"font-weight: 400\">El incorporado term\u00f3stato Flexismart se puede equipar adicionalmente con un interfaz dom\u00f3tico que se conecta con el enrutador. Despu\u00e9s es posible controlar la calefacci\u00f3n por medio de la aplicaci\u00f3n gratuita desde el smartphone u ordenador.<\/span><\/p>\n","protected":false},"excerpt":{"rendered":"<p><span style=\"font-weight: 400\">Aproveche las tres posibilidades del mando del regulador por medio de \u00fanico dispositivo. Flexismart ofrece a cada usuario la opci\u00f3n adecuada del mando manual de la temperatura o creaci\u00f3n del plan de tiempo en el propio equipo o usar la aplicaci\u00f3n para el mando de los paneles calefactores por medio del smartphone o PC.<\/span><\/p>\n","protected":false},"featured_media":82,"comment_status":"open","ping_status":"closed","template":"","meta":[],"product_cat":[18],"product_tag":[],"class_list":{"0":"post-141","1":"product","2":"type-product","3":"status-publish","4":"has-post-thumbnail","6":"product_cat-accesorios","7":"product_shipping_class-pr","9":"first","10":"instock","11":"taxable","12":"shipping-taxable","13":"purchasable","14":"product-type-simple"},"_links":{"self":[{"href":"https:\/\/www.zatoptesi.cz\/es\/wp-json\/wp\/v2\/product\/141"}],"collection":[{"href":"https:\/\/www.zatoptesi.cz\/es\/wp-json\/wp\/v2\/product"}],"about":[{"href":"https:\/\/www.zatoptesi.cz\/es\/wp-json\/wp\/v2\/types\/product"}],"replies":[{"embeddable":true,"href":"https:\/\/www.zatoptesi.cz\/es\/wp-json\/wp\/v2\/comments?post=141"}],"wp:featuredmedia":[{"embeddable":true,"href":"https:\/\/www.zatoptesi.cz\/es\/wp-json\/wp\/v2\/media\/82"}],"wp:attachment":[{"href":"https:\/\/www.zatoptesi.cz\/es\/wp-json\/wp\/v2\/media?parent=141"}],"wp:term":[{"taxonomy":"product_cat","embeddable":true,"href":"https:\/\/www.zatoptesi.cz\/es\/wp-json\/wp\/v2\/product_cat?post=141"},{"taxonomy":"product_tag","embeddable":true,"href":"https:\/\/www.zatoptesi.cz\/es\/wp-json\/wp\/v2\/product_tag?post=141"}],"curies":[{"name":"wp","href":"https:\/\/api.w.org\/{rel}","templated":true}]}}