{"id":145,"date":"2018-11-20T21:19:55","date_gmt":"2018-11-20T20:19:55","guid":{"rendered":"https:\/\/www.zatoptesi.cz\/es\/?post_type=product&#038;p=145"},"modified":"2021-07-01T15:22:29","modified_gmt":"2021-07-01T13:22:29","slug":"secador","status":"publish","type":"product","link":"https:\/\/www.zatoptesi.cz\/es\/tienda\/accesorios\/secador\/","title":{"rendered":"Secador de toallas o pa\u00f1os de cocina para suspender"},"content":{"rendered":"<p><span style=\"font-weight: 400;\">Secador met\u00e1lico para suspender de color blanco. Destinado exclusivamente a paneles instalados en la pared. No recomendamos usarlo en combinaci\u00f3n con los estantes.<\/span><\/p>\n","protected":false},"excerpt":{"rendered":"<p><span style=\"font-weight: 400;\">En nuestro secador para suspender, sus toallas o pa\u00f1os de cocina mojados quedar\u00e1n secos r\u00e1pidamente y a la vez evitar\u00e1 el tapado de los orificios de ventilaci\u00f3n. La instalaci\u00f3n es f\u00e1cil, basta con suspender y puede empezar a usarlo.<\/span><\/p>\n","protected":false},"featured_media":711,"comment_status":"open","ping_status":"closed","template":"","meta":[],"product_cat":[18],"product_tag":[],"class_list":{"0":"post-145","1":"product","2":"type-product","3":"status-publish","4":"has-post-thumbnail","6":"product_cat-accesorios","7":"product_shipping_class-pr","9":"first","10":"instock","11":"taxable","12":"shipping-taxable","13":"purchasable","14":"product-type-simple"},"_links":{"self":[{"href":"https:\/\/www.zatoptesi.cz\/es\/wp-json\/wp\/v2\/product\/145"}],"collection":[{"href":"https:\/\/www.zatoptesi.cz\/es\/wp-json\/wp\/v2\/product"}],"about":[{"href":"https:\/\/www.zatoptesi.cz\/es\/wp-json\/wp\/v2\/types\/product"}],"replies":[{"embeddable":true,"href":"https:\/\/www.zatoptesi.cz\/es\/wp-json\/wp\/v2\/comments?post=145"}],"wp:featuredmedia":[{"embeddable":true,"href":"https:\/\/www.zatoptesi.cz\/es\/wp-json\/wp\/v2\/media\/711"}],"wp:attachment":[{"href":"https:\/\/www.zatoptesi.cz\/es\/wp-json\/wp\/v2\/media?parent=145"}],"wp:term":[{"taxonomy":"product_cat","embeddable":true,"href":"https:\/\/www.zatoptesi.cz\/es\/wp-json\/wp\/v2\/product_cat?post=145"},{"taxonomy":"product_tag","embeddable":true,"href":"https:\/\/www.zatoptesi.cz\/es\/wp-json\/wp\/v2\/product_tag?post=145"}],"curies":[{"name":"wp","href":"https:\/\/api.w.org\/{rel}","templated":true}]}}